{"id":85,"date":"2020-03-27T11:45:42","date_gmt":"2020-03-27T11:45:42","guid":{"rendered":"http:\/\/wildfeder.de\/?page_id=85"},"modified":"2020-03-27T11:53:52","modified_gmt":"2020-03-27T11:53:52","slug":"impressum","status":"publish","type":"page","link":"https:\/\/wildfeder.de\/?page_id=85","title":{"rendered":"Impressum"},"content":{"rendered":"\t\t<div data-elementor-type=\"wp-page\" data-elementor-id=\"85\" class=\"elementor elementor-85\">\n\t\t\t\t\t\t<section class=\"elementor-section elementor-top-section elementor-element elementor-element-53700a2 elementor-section-boxed elementor-section-height-default elementor-section-height-default\" data-id=\"53700a2\" data-element_type=\"section\" data-e-type=\"section\">\n\t\t\t\t\t\t<div class=\"elementor-container elementor-column-gap-default\">\n\t\t\t\t\t<div class=\"elementor-column elementor-col-100 elementor-top-column elementor-element elementor-element-ccfebfd\" data-id=\"ccfebfd\" data-element_type=\"column\" data-e-type=\"column\">\n\t\t\t<div class=\"elementor-widget-wrap elementor-element-populated\">\n\t\t\t\t\t\t<div class=\"elementor-element elementor-element-6a8775d elementor-widget elementor-widget-spacer\" data-id=\"6a8775d\" data-element_type=\"widget\" data-e-type=\"widget\" data-widget_type=\"spacer.default\">\n\t\t\t\t<div class=\"elementor-widget-container\">\n\t\t\t\t\t\t\t<div class=\"elementor-spacer\">\n\t\t\t<div class=\"elementor-spacer-inner\"><\/div>\n\t\t<\/div>\n\t\t\t\t\t\t<\/div>\n\t\t\t\t<\/div>\n\t\t\t\t\t<\/div>\n\t\t<\/div>\n\t\t\t\t\t<\/div>\n\t\t<\/section>\n\t\t\t\t<section class=\"elementor-section elementor-top-section elementor-element elementor-element-6c75f50 elementor-section-boxed elementor-section-height-default elementor-section-height-default\" data-id=\"6c75f50\" data-element_type=\"section\" data-e-type=\"section\">\n\t\t\t\t\t\t<div class=\"elementor-container elementor-column-gap-default\">\n\t\t\t\t\t<div class=\"elementor-column elementor-col-100 elementor-top-column elementor-element elementor-element-359e772\" data-id=\"359e772\" data-element_type=\"column\" data-e-type=\"column\">\n\t\t\t<div class=\"elementor-widget-wrap elementor-element-populated\">\n\t\t\t\t\t\t<div class=\"elementor-element elementor-element-bef9537 elementor-widget elementor-widget-text-editor\" data-id=\"bef9537\" data-element_type=\"widget\" data-e-type=\"widget\" data-widget_type=\"text-editor.default\">\n\t\t\t\t<div class=\"elementor-widget-container\">\n\t\t\t\t\t\t\t\t\t<p><strong>Webmaster<\/strong><\/p><p>\u00a0<\/p><p>Stephan Schumann<\/p><p>Am Siedner 5<\/p><p>96194 Walsdorf<\/p><p>vize@wildfeder.de<\/p><p>\u00a0<\/p><p><strong>Inhalte<\/strong><\/p><p>\u00a0<\/p><p>Heimo Bierwirth<\/p><p>Hemmerleinstra\u00dfe 3<\/p><p>96050 Bamberg<\/p><p>haeuptling@wildfeder.de<\/p>\t\t\t\t\t\t\t\t<\/div>\n\t\t\t\t<\/div>\n\t\t\t\t<div class=\"elementor-element elementor-element-74d8df3 elementor-widget elementor-widget-spacer\" data-id=\"74d8df3\" data-element_type=\"widget\" data-e-type=\"widget\" data-widget_type=\"spacer.default\">\n\t\t\t\t<div class=\"elementor-widget-container\">\n\t\t\t\t\t\t\t<div class=\"elementor-spacer\">\n\t\t\t<div class=\"elementor-spacer-inner\"><\/div>\n\t\t<\/div>\n\t\t\t\t\t\t<\/div>\n\t\t\t\t<\/div>\n\t\t\t\t<div class=\"elementor-element elementor-element-607787c elementor-widget elementor-widget-text-editor\" data-id=\"607787c\" data-element_type=\"widget\" data-e-type=\"widget\" data-widget_type=\"text-editor.default\">\n\t\t\t\t<div class=\"elementor-widget-container\">\n\t\t\t\t\t\t\t\t\t<p><strong>Haftung f\u00fcr Links<\/strong><\/p><p>Unsere Homepage enth\u00e4lt Links zu externen Webseiten, auf deren Inhalt wir keinen Einfluss haben. Die verlinkten Seiten wurden zum Zeitpunkt der Verlinkung auf m\u00f6gliche Rechtsverst\u00f6\u00dfe \u00fcberpr\u00fcft. Eine permanente inhaltliche Kontrolle dieser Seiten ist ohne konkrete Anhaltspunkte einer Rechtsverletzung nicht zumutbar.<br \/>Bei bekannt werden von Rechtsverletzungen werden wir derartige Links umgehend entfernen.<\/p><p><strong>Urheberrecht<\/strong><\/p><p>Wir sind bem\u00fcht, stetes die Urheberrechte anderer zu beachten, bzw. auf lizenzfreie Werke zur\u00fcck zu greifen.<br \/>Die durch den Seitenbetreiber erstellten Inhalte und Werke auf unserer Homepage unterliegen dem deutschen Urheberrecht. (HOW!) Beitr\u00e4ge Dritter sind als solche gekennzeichnet. Die Vervielf\u00e4ltigung, Bearbeitung, Verbreitung oder sonstige Art der Verwendung au\u00dferhalb des Urheberrechts bed\u00fcrfen unsere bzw. des jeweiligen Autors, ausdr\u00fcckliche schriftliche Zustimmung. Downloads und Kopien dieser Seiten sind nur f\u00fcr den privaten Gebrauch gestattet.<br \/>Denk an den Marterpfahl!!!<br \/><img decoding=\"async\" class=\" wp-image-13 aligncenter\" src=\"http:\/\/wildfeder.de\/wp-content\/uploads\/2020\/03\/bc_wildfeder_logo_auge_zu-212x300.jpg\" alt=\"\" width=\"155\" height=\"219\" srcset=\"https:\/\/wildfeder.de\/wp-content\/uploads\/2020\/03\/bc_wildfeder_logo_auge_zu-212x300.jpg 212w, https:\/\/wildfeder.de\/wp-content\/uploads\/2020\/03\/bc_wildfeder_logo_auge_zu.jpg 475w\" sizes=\"(max-width: 155px) 100vw, 155px\" \/><\/p><p><strong>Haftung f\u00fcr den Inhalt<\/strong><\/p><p>Die Erstellung der Inhalte war gepr\u00e4gt von Verzweiflung, Ratlosigkeit und jede Menge Spa\u00df. F\u00fcr die Richtigkeit, Vollst\u00e4ndigkeit und Aktualit\u00e4t k\u00f6nnen wir daher keine Gew\u00e4hr \u00fcbernehmen.<br \/>Wir f\u00fchlen uns zwar dem \u00a7 6 Abs. 1 MDStV verpflichtet, gerne auch dem \u00a7 8 Abs. 1 TDG. Wir sind jedoch nicht verpflichtet, die von Ihnen \u00fcbermittelten Informationen zu \u00fcberwachen, oder auf Spurensuche nach rechtswidrigen T\u00e4tigkeiten Dritter zu gehen. Die Verpflichtung zur Entfernung oder Sperrung der Nutzung von Informationen nach den allgemeinen Gesetzen bleiben hiervon unber\u00fchrt.<\/p><p><strong>Datenschutz<\/strong><\/p><p>Soweit auf unserer Homepage personenbezogene Daten (wie Namen, Anschrift oder E-Mail Adressen) erhoben werden, erfolgt dies stets auf freiwilliger Basis.<br \/>Der Nutzung von im Rahmen der Impressumspflicht ver\u00f6ffentlichten Kontaktdaten durch Dritte zur \u00dcbersendung von nicht ausdr\u00fccklich angeforderter Werbung und Info-Material wird hiermit ausdr\u00fccklich widersprochen. Wir gehalten uns ausdr\u00fccklich rechtliche Schritte im Falle der unverlangten Zusendung von Werbeinformationen, Spam-Mails, etc. vor.<\/p><p>BC Wildfeder e.V.<\/p>\t\t\t\t\t\t\t\t<\/div>\n\t\t\t\t<\/div>\n\t\t\t\t<div class=\"elementor-element elementor-element-750a52b elementor-widget elementor-widget-spacer\" data-id=\"750a52b\" data-element_type=\"widget\" data-e-type=\"widget\" data-widget_type=\"spacer.default\">\n\t\t\t\t<div class=\"elementor-widget-container\">\n\t\t\t\t\t\t\t<div class=\"elementor-spacer\">\n\t\t\t<div class=\"elementor-spacer-inner\"><\/div>\n\t\t<\/div>\n\t\t\t\t\t\t<\/div>\n\t\t\t\t<\/div>\n\t\t\t\t\t<\/div>\n\t\t<\/div>\n\t\t\t\t\t<\/div>\n\t\t<\/section>\n\t\t\t\t<\/div>\n\t\t","protected":false},"excerpt":{"rendered":"<p>Webmaster \u00a0 Stephan Schumann Am Siedner 5 96194 Walsdorf vize@wildfeder.de \u00a0 Inhalte \u00a0 Heimo Bierwirth Hemmerleinstra\u00dfe 3 96050 Bamberg haeuptling@wildfeder.de Haftung f\u00fcr Links Unsere Homepage enth\u00e4lt Links zu externen Webseiten, auf deren Inhalt wir keinen Einfluss haben. Die verlinkten Seiten wurden zum Zeitpunkt der Verlinkung auf m\u00f6gliche Rechtsverst\u00f6\u00dfe \u00fcberpr\u00fcft. Eine permanente inhaltliche Kontrolle dieser Seiten &hellip; <a href=\"https:\/\/wildfeder.de\/?page_id=85\" class=\"more-link\"><span class=\"screen-reader-text\">Impressum<\/span> weiterlesen<\/a><\/p>\n","protected":false},"author":1,"featured_media":0,"parent":0,"menu_order":0,"comment_status":"closed","ping_status":"closed","template":"","meta":{"footnotes":""},"class_list":["post-85","page","type-page","status-publish","hentry"],"_links":{"self":[{"href":"https:\/\/wildfeder.de\/index.php?rest_route=\/wp\/v2\/pages\/85","targetHints":{"allow":["GET"]}}],"collection":[{"href":"https:\/\/wildfeder.de\/index.php?rest_route=\/wp\/v2\/pages"}],"about":[{"href":"https:\/\/wildfeder.de\/index.php?rest_route=\/wp\/v2\/types\/page"}],"author":[{"embeddable":true,"href":"https:\/\/wildfeder.de\/index.php?rest_route=\/wp\/v2\/users\/1"}],"replies":[{"embeddable":true,"href":"https:\/\/wildfeder.de\/index.php?rest_route=%2Fwp%2Fv2%2Fcomments&post=85"}],"version-history":[{"count":3,"href":"https:\/\/wildfeder.de\/index.php?rest_route=\/wp\/v2\/pages\/85\/revisions"}],"predecessor-version":[{"id":88,"href":"https:\/\/wildfeder.de\/index.php?rest_route=\/wp\/v2\/pages\/85\/revisions\/88"}],"wp:attachment":[{"href":"https:\/\/wildfeder.de\/index.php?rest_route=%2Fwp%2Fv2%2Fmedia&parent=85"}],"curies":[{"name":"wp","href":"https:\/\/api.w.org\/{rel}","templated":true}]}}